{"id":216,"date":"2015-01-16T02:55:18","date_gmt":"2015-01-15T17:55:18","guid":{"rendered":"http:\/\/www.onsoku.co.jp\/us\/?page_id=216"},"modified":"2020-10-22T16:45:20","modified_gmt":"2020-10-22T07:45:20","slug":"ofv-552","status":"publish","type":"page","link":"https:\/\/www.onsoku.co.jp\/us\/product\/filter\/ofv-552\/","title":{"rendered":"OFV-552 Variable Band Noise Generator"},"content":{"rendered":"<p><a href=\"http:\/\/www.onsoku.co.jp\/us\/wp-content\/uploads\/sites\/2\/OFV-552.jpg\"><img loading=\"lazy\" decoding=\"async\" class=\"alignnone size-medium wp-image-1140\" src=\"http:\/\/www.onsoku.co.jp\/us\/wp-content\/uploads\/sites\/2\/OFV-552-300x167.jpg\" alt=\"\" width=\"300\" height=\"167\" srcset=\"https:\/\/www.onsoku.co.jp\/us\/wp-content\/uploads\/sites\/2\/OFV-552-300x167.jpg 300w, https:\/\/www.onsoku.co.jp\/us\/wp-content\/uploads\/sites\/2\/OFV-552.jpg 737w\" sizes=\"auto, (max-width: 300px) 100vw, 300px\" \/><\/a><\/p>\n<h2>Product Summary<\/h2>\n<p style=\"padding-left: 30px;\">This oscillator is equipped with a high-pass filter and a low-pass filter which are equivalent to those in the OFV-551 Variable Band-pass Filter plus white-noise and pink-noise signal sources.<br \/>\nThese provisions make it possible to create desired band noises by using built-in noise sources.<\/p>\n<h2>Product specifications<\/h2>\n<p style=\"padding-left: 30px;\">Composition of Filters: A set of high-pass filter and a low-pass filter<br \/>\nFilter Characteristics: Butterworth<br \/>\nSlope: \u22126, \u221212, \u221218, \u221224 dB\/oct, 4 steps<br \/>\nCut-off Frequency Range: 20 Hz to 20 kHz<br \/>\nCut-off Frequency: 999 Hz \u00d7 0.1, 999 Hz \u00d7 1, 999 Hz \u00d7 10, and 200 Hz \u00d7 100<br \/>\nInput\/Output Gain: 2 steps of 0 dB and<br \/>\n20 dB + Variable<br \/>\nSignal Sources:<br \/>\nWhite noise<br \/>\nPink noise<br \/>\nExternal input<br \/>\nClipper Circuit: Built-in<br \/>\nSettable to ON or OFF<\/p>\n<p><a href=\"http:\/\/www.onsoku.co.jp\/us\/wp-content\/uploads\/sites\/2\/OFV552_eng.pdf\" target=\"_blank\" rel=\"noopener noreferrer\"><img loading=\"lazy\" decoding=\"async\" class=\"alignnone size-full wp-image-98\" src=\"http:\/\/www.onsoku.co.jp\/us\/wp-content\/uploads\/sites\/2\/cg143.jpg\" alt=\"Product Specifations PDF Downlod\" width=\"195\" height=\"28\" \/><\/a><\/p>\n","protected":false},"excerpt":{"rendered":"<p>Product Summary This oscillator is equipped with a high-pass filter and a low-pass filter which are equivalent to those in the OFV-551 Variable Band-pass Filter plus white-noise and pink-noise signal sources. These provisions make it possible to create desired band noises by using built-in noise sources. Product specifications Composition of Filters: A set of high-pass [&hellip;]<\/p>\n","protected":false},"author":1,"featured_media":0,"parent":103,"menu_order":3,"comment_status":"closed","ping_status":"closed","template":"","meta":{"footnotes":""},"class_list":["post-216","page","type-page","status-publish","hentry"],"yoast_head":"<!-- This site is optimized with the Yoast SEO plugin v27.1.1 - https:\/\/yoast.com\/product\/yoast-seo-wordpress\/ -->\n<title>OFV-552 Variable Band Noise Generator - Onsoku Web Site English<\/title>\n<meta name=\"robots\" content=\"index, follow, max-snippet:-1, max-image-preview:large, max-video-preview:-1\" \/>\n<link rel=\"canonical\" href=\"https:\/\/www.onsoku.co.jp\/us\/product\/filter\/ofv-552\/\" \/>\n<meta property=\"og:locale\" content=\"en_US\" \/>\n<meta property=\"og:type\" content=\"article\" \/>\n<meta property=\"og:title\" content=\"OFV-552 Variable Band Noise Generator - Onsoku Web Site English\" \/>\n<meta property=\"og:description\" content=\"Product Summary This oscillator is equipped with a high-pass filter and a low-pass filter which are equivalent to those in the OFV-551 Variable Band-pass Filter plus white-noise and pink-noise signal sources. These provisions make it possible to create desired band noises by using built-in noise sources. Product specifications Composition of Filters: A set of high-pass [&hellip;]\" \/>\n<meta property=\"og:url\" content=\"https:\/\/www.onsoku.co.jp\/us\/product\/filter\/ofv-552\/\" \/>\n<meta property=\"og:site_name\" content=\"Onsoku Web Site English\" \/>\n<meta property=\"article:modified_time\" content=\"2020-10-22T07:45:20+00:00\" \/>\n<meta property=\"og:image\" content=\"http:\/\/www.onsoku.co.jp\/us\/wp-content\/uploads\/sites\/2\/OFV-552-300x167.jpg\" \/>\n<meta name=\"twitter:card\" content=\"summary_large_image\" \/>\n<meta name=\"twitter:label1\" content=\"Est. reading time\" \/>\n\t<meta name=\"twitter:data1\" content=\"1 minute\" \/>\n<script type=\"application\/ld+json\" class=\"yoast-schema-graph\">{\"@context\":\"https:\/\/schema.org\",\"@graph\":[{\"@type\":\"WebPage\",\"@id\":\"https:\/\/www.onsoku.co.jp\/us\/product\/filter\/ofv-552\/\",\"url\":\"https:\/\/www.onsoku.co.jp\/us\/product\/filter\/ofv-552\/\",\"name\":\"OFV-552 Variable Band Noise Generator - Onsoku Web Site English\",\"isPartOf\":{\"@id\":\"http:\/\/www.onsoku.co.jp\/us\/#website\"},\"primaryImageOfPage\":{\"@id\":\"https:\/\/www.onsoku.co.jp\/us\/product\/filter\/ofv-552\/#primaryimage\"},\"image\":{\"@id\":\"https:\/\/www.onsoku.co.jp\/us\/product\/filter\/ofv-552\/#primaryimage\"},\"thumbnailUrl\":\"http:\/\/www.onsoku.co.jp\/us\/wp-content\/uploads\/sites\/2\/OFV-552-300x167.jpg\",\"datePublished\":\"2015-01-15T17:55:18+00:00\",\"dateModified\":\"2020-10-22T07:45:20+00:00\",\"breadcrumb\":{\"@id\":\"https:\/\/www.onsoku.co.jp\/us\/product\/filter\/ofv-552\/#breadcrumb\"},\"inLanguage\":\"en-US\",\"potentialAction\":[{\"@type\":\"ReadAction\",\"target\":[\"https:\/\/www.onsoku.co.jp\/us\/product\/filter\/ofv-552\/\"]}]},{\"@type\":\"ImageObject\",\"inLanguage\":\"en-US\",\"@id\":\"https:\/\/www.onsoku.co.jp\/us\/product\/filter\/ofv-552\/#primaryimage\",\"url\":\"https:\/\/www.onsoku.co.jp\/us\/wp-content\/uploads\/sites\/2\/OFV-552.jpg\",\"contentUrl\":\"https:\/\/www.onsoku.co.jp\/us\/wp-content\/uploads\/sites\/2\/OFV-552.jpg\",\"width\":737,\"height\":411},{\"@type\":\"BreadcrumbList\",\"@id\":\"https:\/\/www.onsoku.co.jp\/us\/product\/filter\/ofv-552\/#breadcrumb\",\"itemListElement\":[{\"@type\":\"ListItem\",\"position\":1,\"name\":\"\u30db\u30fc\u30e0\",\"item\":\"http:\/\/www.onsoku.co.jp\/us\/\"},{\"@type\":\"ListItem\",\"position\":2,\"name\":\"Product\",\"item\":\"http:\/\/www.onsoku.co.jp\/us\/product\/\"},{\"@type\":\"ListItem\",\"position\":3,\"name\":\"Filter\",\"item\":\"https:\/\/www.onsoku.co.jp\/us\/product\/filter\/\"},{\"@type\":\"ListItem\",\"position\":4,\"name\":\"OFV-552 Variable Band Noise Generator\"}]},{\"@type\":\"WebSite\",\"@id\":\"http:\/\/www.onsoku.co.jp\/us\/#website\",\"url\":\"http:\/\/www.onsoku.co.jp\/us\/\",\"name\":\"Onsoku Web Site English\",\"description\":\"Onsoku is making acoustic measuring instruments.\",\"potentialAction\":[{\"@type\":\"SearchAction\",\"target\":{\"@type\":\"EntryPoint\",\"urlTemplate\":\"http:\/\/www.onsoku.co.jp\/us\/?s={search_term_string}\"},\"query-input\":{\"@type\":\"PropertyValueSpecification\",\"valueRequired\":true,\"valueName\":\"search_term_string\"}}],\"inLanguage\":\"en-US\"}]}<\/script>\n<!-- \/ Yoast SEO plugin. -->","yoast_head_json":{"title":"OFV-552 Variable Band Noise Generator - Onsoku Web Site English","robots":{"index":"index","follow":"follow","max-snippet":"max-snippet:-1","max-image-preview":"max-image-preview:large","max-video-preview":"max-video-preview:-1"},"canonical":"https:\/\/www.onsoku.co.jp\/us\/product\/filter\/ofv-552\/","og_locale":"en_US","og_type":"article","og_title":"OFV-552 Variable Band Noise Generator - Onsoku Web Site English","og_description":"Product Summary This oscillator is equipped with a high-pass filter and a low-pass filter which are equivalent to those in the OFV-551 Variable Band-pass Filter plus white-noise and pink-noise signal sources. These provisions make it possible to create desired band noises by using built-in noise sources. Product specifications Composition of Filters: A set of high-pass [&hellip;]","og_url":"https:\/\/www.onsoku.co.jp\/us\/product\/filter\/ofv-552\/","og_site_name":"Onsoku Web Site English","article_modified_time":"2020-10-22T07:45:20+00:00","og_image":[{"url":"http:\/\/www.onsoku.co.jp\/us\/wp-content\/uploads\/sites\/2\/OFV-552-300x167.jpg","type":"","width":"","height":""}],"twitter_card":"summary_large_image","twitter_misc":{"Est. reading time":"1 minute"},"schema":{"@context":"https:\/\/schema.org","@graph":[{"@type":"WebPage","@id":"https:\/\/www.onsoku.co.jp\/us\/product\/filter\/ofv-552\/","url":"https:\/\/www.onsoku.co.jp\/us\/product\/filter\/ofv-552\/","name":"OFV-552 Variable Band Noise Generator - Onsoku Web Site English","isPartOf":{"@id":"http:\/\/www.onsoku.co.jp\/us\/#website"},"primaryImageOfPage":{"@id":"https:\/\/www.onsoku.co.jp\/us\/product\/filter\/ofv-552\/#primaryimage"},"image":{"@id":"https:\/\/www.onsoku.co.jp\/us\/product\/filter\/ofv-552\/#primaryimage"},"thumbnailUrl":"http:\/\/www.onsoku.co.jp\/us\/wp-content\/uploads\/sites\/2\/OFV-552-300x167.jpg","datePublished":"2015-01-15T17:55:18+00:00","dateModified":"2020-10-22T07:45:20+00:00","breadcrumb":{"@id":"https:\/\/www.onsoku.co.jp\/us\/product\/filter\/ofv-552\/#breadcrumb"},"inLanguage":"en-US","potentialAction":[{"@type":"ReadAction","target":["https:\/\/www.onsoku.co.jp\/us\/product\/filter\/ofv-552\/"]}]},{"@type":"ImageObject","inLanguage":"en-US","@id":"https:\/\/www.onsoku.co.jp\/us\/product\/filter\/ofv-552\/#primaryimage","url":"https:\/\/www.onsoku.co.jp\/us\/wp-content\/uploads\/sites\/2\/OFV-552.jpg","contentUrl":"https:\/\/www.onsoku.co.jp\/us\/wp-content\/uploads\/sites\/2\/OFV-552.jpg","width":737,"height":411},{"@type":"BreadcrumbList","@id":"https:\/\/www.onsoku.co.jp\/us\/product\/filter\/ofv-552\/#breadcrumb","itemListElement":[{"@type":"ListItem","position":1,"name":"\u30db\u30fc\u30e0","item":"http:\/\/www.onsoku.co.jp\/us\/"},{"@type":"ListItem","position":2,"name":"Product","item":"http:\/\/www.onsoku.co.jp\/us\/product\/"},{"@type":"ListItem","position":3,"name":"Filter","item":"https:\/\/www.onsoku.co.jp\/us\/product\/filter\/"},{"@type":"ListItem","position":4,"name":"OFV-552 Variable Band Noise Generator"}]},{"@type":"WebSite","@id":"http:\/\/www.onsoku.co.jp\/us\/#website","url":"http:\/\/www.onsoku.co.jp\/us\/","name":"Onsoku Web Site English","description":"Onsoku is making acoustic measuring instruments.","potentialAction":[{"@type":"SearchAction","target":{"@type":"EntryPoint","urlTemplate":"http:\/\/www.onsoku.co.jp\/us\/?s={search_term_string}"},"query-input":{"@type":"PropertyValueSpecification","valueRequired":true,"valueName":"search_term_string"}}],"inLanguage":"en-US"}]}},"_links":{"self":[{"href":"https:\/\/www.onsoku.co.jp\/us\/wp-json\/wp\/v2\/pages\/216","targetHints":{"allow":["GET"]}}],"collection":[{"href":"https:\/\/www.onsoku.co.jp\/us\/wp-json\/wp\/v2\/pages"}],"about":[{"href":"https:\/\/www.onsoku.co.jp\/us\/wp-json\/wp\/v2\/types\/page"}],"author":[{"embeddable":true,"href":"https:\/\/www.onsoku.co.jp\/us\/wp-json\/wp\/v2\/users\/1"}],"replies":[{"embeddable":true,"href":"https:\/\/www.onsoku.co.jp\/us\/wp-json\/wp\/v2\/comments?post=216"}],"version-history":[{"count":4,"href":"https:\/\/www.onsoku.co.jp\/us\/wp-json\/wp\/v2\/pages\/216\/revisions"}],"predecessor-version":[{"id":1217,"href":"https:\/\/www.onsoku.co.jp\/us\/wp-json\/wp\/v2\/pages\/216\/revisions\/1217"}],"up":[{"embeddable":true,"href":"https:\/\/www.onsoku.co.jp\/us\/wp-json\/wp\/v2\/pages\/103"}],"wp:attachment":[{"href":"https:\/\/www.onsoku.co.jp\/us\/wp-json\/wp\/v2\/media?parent=216"}],"curies":[{"name":"wp","href":"https:\/\/api.w.org\/{rel}","templated":true}]}}